{"id":476,"date":"2025-10-29T17:43:56","date_gmt":"2025-10-29T17:43:56","guid":{"rendered":"https:\/\/feno.unam.mx\/especializaciones\/?page_id=476"},"modified":"2025-10-29T19:07:54","modified_gmt":"2025-10-29T19:07:54","slug":"servicios-escolares","status":"publish","type":"page","link":"https:\/\/feno.unam.mx\/especializaciones\/index.php\/servicios-escolares\/","title":{"rendered":"Servicios escolares"},"content":{"rendered":"\t\t<div data-elementor-type=\"wp-page\" data-elementor-id=\"476\" class=\"elementor elementor-476\">\n\t\t\t\t<div class=\"elementor-element elementor-element-e778a0f e-flex e-con-boxed e-con e-parent\" data-id=\"e778a0f\" data-element_type=\"container\">\n\t\t\t\t\t<div class=\"e-con-inner\">\n\t\t\t\t<div class=\"elementor-element elementor-element-9e47263 elementor-widget elementor-widget-html\" data-id=\"9e47263\" data-element_type=\"widget\" data-widget_type=\"html.default\">\n\t\t\t\t\t<!--************ INSERTA ESTA PARTE ************\t\r\nSOLO INSERTA EL CONTENIDO DEL CONTAINER DENTRO DE UN ELEMENTO HTML USANDO \"ELEMENTOR\"-->\r\n<div class=\"container\" style=\"text-align: justify;\">\r\n<h3>Servicios escolares<\/h3>\r\n<div class=\"row\">\r\n  <div class=\"col-sm-6 mb-4\"><div class=\"card h-100 shadow\">\r\n        <img decoding=\"async\" src=\"\/especializaciones\/imgs\/dev.jpg\" class=\"card-img-top\" alt=\"Cursos de c\u00f3mputo\">\r\n        <div class=\"card-body\">\r\n          <h5 class=\"card-title\">Devoluci\u00f3n de documentos para titulados<\/h5>\r\n          <!--<p class=\"card-text\">Consulta las fechas disponibles.<\/p>-->\r\n          <a target=\"_blank\" style=\"text-decoration: none;\" href=\"https:\/\/docs.google.com\/forms\/d\/1OoxncE-hLFzK4oy18SgwX7SnFpCiivnhHXfTuJM9vBQ\/viewform?edit_requested=true\"  class=\"btn btn-outline-primary\" >Leer m\u00e1s<\/a>\r\n        <\/div>\r\n    <\/div><\/div>\r\n  <div class=\"col-sm-6 mb-4\"><div class=\"card h-100 shadow\">\r\n        <img decoding=\"async\" src=\"\/especializaciones\/imgs\/aviso.jpg\" class=\"card-img-top\" alt=\"Cursos de c\u00f3mputo\">\r\n        <div class=\"card-body\">\r\n          <h5 class=\"card-title\">Aviso: en el mes de enero solo se recibir\u00e1n tr\u00e1mites de titulaci\u00f3n, con forme al anexo 1.<\/h5>\r\n          <!--<p class=\"card-text\">Consulta las fechas disponibles.<\/p>-->\r\n          <a target=\"_blank\" style=\"text-decoration: none;\" href=\"https:\/\/docs.google.com\/forms\/d\/1OoxncE-hLFzK4oy18SgwX7SnFpCiivnhHXfTuJM9vBQ\/viewform?edit_requested=true\"  class=\"btn btn-outline-primary\" >Leer m\u00e1s<\/a>\r\n        <\/div>\r\n      <\/div><\/div>\r\n<\/div>\r\n<p><\/p> \r\n\t\r\n<div id=\"accordion\">\r\n\r\n  <div class=\"card\">\r\n    <div class=\"card-header\">\r\n      <a class=\"card-link\" data-toggle=\"collapse\" href=\"#collapseOne\">\r\n        Formatos nuevo ingreso\r\n      <\/a>\r\n    <\/div> \r\n\t<div id=\"collapseOne\" class=\"collapse\" data-parent=\"#accordion\">\r\n  <div class=\"card-body\">\r\n    <a href=\"https:\/\/drive.google.com\/uc?export=download&id=1dlMz0wIJAGzywBMqVSzkU57uIHpPE-o5\" target=\"_blank\" class=\"text-decoration-none\">Perfil de ingreso (documento word)<\/a><br>\r\n    <a href=\"https:\/\/drive.google.com\/uc?export=download&id=1WbBMOSv_iGpNhcTzMYCbz99_TaU8c_LI\" target=\"_blank\" class=\"text-decoration-none\">Lineamientos para curriculum (documento word)<\/a>\r\n  <\/div>\r\n<\/div>\r\n\r\n  \r\n  <\/div>\r\n\r\n  <div class=\"card\">\r\n    <div class=\"card-header\">\r\n      <a class=\"collapsed card-link\" data-toggle=\"collapse\" href=\"#collapseTwo\">\r\n        Proceso de graduaci\u00f3n\r\n      <\/a>\r\n    <\/div>\r\n    <div id=\"collapseTwo\" class=\"collapse\" data-parent=\"#accordion\">\r\n      <div class=\"card-body\">\r\n        <a href=\"https:\/\/www.feno-puee.com\/procesos\"  target=\"_blank\"  class=\"text-decoration-none\"> Nuevo proceso para garduados<\/a> <\/div>\r\n    <\/div>  \r\n  <\/div>\r\n\r\n<\/div>\r\n<p><\/p>\t\r\n<div class=\"alert alert-danger\" style=\"text-align: center;\"><a style=\"text-decoration: none;\" href=\"https:\/\/docs.google.com\/forms\/d\/e\/1FAIpQLSf_iICc5QEDGsGTwpVgjTnf7TlNbQLAgekKGqKgckLjxPi4yg\/viewform\" target=\"_blank\">\u00a1ATENCI\u00d3N !  \u00bfEres egresado del Programa \u00danico de Especializaciones en Enfermer\u00eda y NO te has Graduado? responde este link<\/a><\/div>\r\n\t<p><i class=\"fas fa-phone\"  style=\"color: #001463;\"><\/i> Tel\u00e9fonos: 55 56 23 02 22 ext. 80464 y 80456<\/p>\r\n  <br>\r\n<img decoding=\"async\" src=\"https:\/\/feno.unam.mx\/especializaciones\/imgs\/UNAMposgrado.jpg\" class=\"img-fluid mt-4 mb-4 rounded shadow\" alt=\"FENO UNAM\">\r\n<\/div>\t\r\n<!--************ FIN INSERTA ESTA PARTE ************\t\r\nSOLO INSERTA EL CONTENIDO DEL CONTAINER DENTRO DE UN ELEMENTO HTML USANDO \"ELEMENTOR\"-->\t\t\t\t<\/div>\n\t\t\t\t\t<\/div>\n\t\t\t\t<\/div>\n\t\t\t\t<\/div>\n\t\t","protected":false},"excerpt":{"rendered":"<p>Servicios escolares Devoluci\u00f3n de documentos para titulados Leer m\u00e1s Aviso: en el mes de enero solo se recibir\u00e1n tr\u00e1mites de [&hellip;]<\/p>\n","protected":false},"author":1,"featured_media":0,"parent":0,"menu_order":0,"comment_status":"closed","ping_status":"closed","template":"","meta":{"site-sidebar-layout":"no-sidebar","site-content-layout":"","ast-site-content-layout":"full-width-container","site-content-style":"default","site-sidebar-style":"default","ast-global-header-display":"","ast-banner-title-visibility":"","ast-main-header-display":"","ast-hfb-above-header-display":"","ast-hfb-below-header-display":"","ast-hfb-mobile-header-display":"","site-post-title":"disabled","ast-breadcrumbs-content":"","ast-featured-img":"disabled","footer-sml-layout":"","theme-transparent-header-meta":"","adv-header-id-meta":"","stick-header-meta":"","header-above-stick-meta":"","header-main-stick-meta":"","header-below-stick-meta":"","astra-migrate-meta-layouts":"default","ast-page-background-enabled":"default","ast-page-background-meta":{"desktop":{"background-color":"var(--ast-global-color-5)","background-image":"","background-repeat":"repeat","background-position":"center center","background-size":"auto","background-attachment":"scroll","background-type":"","background-media":"","overlay-type":"","overlay-color":"","overlay-opacity":"","overlay-gradient":""},"tablet":{"background-color":"","background-image":"","background-repeat":"repeat","background-position":"center center","background-size":"auto","background-attachment":"scroll","background-type":"","background-media":"","overlay-type":"","overlay-color":"","overlay-opacity":"","overlay-gradient":""},"mobile":{"background-color":"","background-image":"","background-repeat":"repeat","background-position":"center center","background-size":"auto","background-attachment":"scroll","background-type":"","background-media":"","overlay-type":"","overlay-color":"","overlay-opacity":"","overlay-gradient":""}},"ast-content-background-meta":{"desktop":{"background-color":"var(--ast-global-color-4)","background-image":"","background-repeat":"repeat","background-position":"center center","background-size":"auto","background-attachment":"scroll","background-type":"","background-media":"","overlay-type":"","overlay-color":"","overlay-opacity":"","overlay-gradient":""},"tablet":{"background-color":"var(--ast-global-color-4)","background-image":"","background-repeat":"repeat","background-position":"center center","background-size":"auto","background-attachment":"scroll","background-type":"","background-media":"","overlay-type":"","overlay-color":"","overlay-opacity":"","overlay-gradient":""},"mobile":{"background-color":"var(--ast-global-color-4)","background-image":"","background-repeat":"repeat","background-position":"center center","background-size":"auto","background-attachment":"scroll","background-type":"","background-media":"","overlay-type":"","overlay-color":"","overlay-opacity":"","overlay-gradient":""}},"footnotes":""},"class_list":["post-476","page","type-page","status-publish","hentry"],"_links":{"self":[{"href":"https:\/\/feno.unam.mx\/especializaciones\/index.php\/wp-json\/wp\/v2\/pages\/476","targetHints":{"allow":["GET"]}}],"collection":[{"href":"https:\/\/feno.unam.mx\/especializaciones\/index.php\/wp-json\/wp\/v2\/pages"}],"about":[{"href":"https:\/\/feno.unam.mx\/especializaciones\/index.php\/wp-json\/wp\/v2\/types\/page"}],"author":[{"embeddable":true,"href":"https:\/\/feno.unam.mx\/especializaciones\/index.php\/wp-json\/wp\/v2\/users\/1"}],"replies":[{"embeddable":true,"href":"https:\/\/feno.unam.mx\/especializaciones\/index.php\/wp-json\/wp\/v2\/comments?post=476"}],"version-history":[{"count":46,"href":"https:\/\/feno.unam.mx\/especializaciones\/index.php\/wp-json\/wp\/v2\/pages\/476\/revisions"}],"predecessor-version":[{"id":528,"href":"https:\/\/feno.unam.mx\/especializaciones\/index.php\/wp-json\/wp\/v2\/pages\/476\/revisions\/528"}],"wp:attachment":[{"href":"https:\/\/feno.unam.mx\/especializaciones\/index.php\/wp-json\/wp\/v2\/media?parent=476"}],"curies":[{"name":"wp","href":"https:\/\/api.w.org\/{rel}","templated":true}]}}