{"id":441,"date":"2025-10-28T20:38:01","date_gmt":"2025-10-28T20:38:01","guid":{"rendered":"https:\/\/feno.unam.mx\/especializaciones\/?page_id=441"},"modified":"2025-10-29T20:36:42","modified_gmt":"2025-10-29T20:36:42","slug":"directorio-telefonico","status":"publish","type":"page","link":"https:\/\/feno.unam.mx\/especializaciones\/index.php\/directorio-telefonico\/","title":{"rendered":"Directorio telef\u00f3nico"},"content":{"rendered":"\t\t<div data-elementor-type=\"wp-page\" data-elementor-id=\"441\" class=\"elementor elementor-441\">\n\t\t\t\t<div class=\"elementor-element elementor-element-bbea6a1 e-flex e-con-boxed e-con e-parent\" data-id=\"bbea6a1\" data-element_type=\"container\">\n\t\t\t\t\t<div class=\"e-con-inner\">\n\t\t\t\t<div class=\"elementor-element elementor-element-97790b3 elementor-widget elementor-widget-html\" data-id=\"97790b3\" data-element_type=\"widget\" data-widget_type=\"html.default\">\n\t\t\t\t\t<!--************ INSERTA ESTA PARTE ************\t\r\nSOLO INSERTA EL CONTENIDO DEL CONTAINER DENTRO DE UN ELEMENTO HTML USANDO \"ELEMENTOR\"-->\r\n<div class=\"container\" style=\"text-align: justify;\">\r\n<h3>Directorio especializaciones FENO UNAM<\/h3>\r\n <div class=\"jumbotron\" style=\"padding: 10px; margin: 10px;\">\r\n<div>\r\n  <div>\r\n    <div>\r\n      <div>\r\n        <div>\r\n          <div><img loading=\"lazy\" loading=\"lazy\" decoding=\"async\" src=\"https:\/\/www.feno.unam.mx\/wp-content\/uploads\/2021\/09\/ghandy_ponce-70x70.jpeg\" width=\"70\" height=\"70\" alt=\"ghandy_ponce\" title=\"ghandy_ponce\"><\/div>\r\n        <\/div>\r\n      <\/div>\r\n    <\/div>\r\n  <\/div>\r\n  <div>\r\n    <div>\r\n      <div>\r\n        <div>\r\n          <div>\r\n            <p><strong><br>\r\n              Dra. Gandhy Ponce G\u00f3mez<\/strong><\/p>\r\n          <\/div>\r\n        <\/div>\r\n      <\/div>\r\n    <\/div>\r\n  <\/div>\r\n  <div>\r\n    <div>\r\n      <div>\r\n        <div>\r\n          <div>\r\n            <p>Jefa de la Divisi\u00f3n de Estudios de Posgrado (DEP)<\/p>\r\n          <\/div>\r\n        <\/div>\r\n      <\/div>\r\n    <\/div>\r\n  <\/div>\r\n  <div>\r\n    <div>\r\n      <div>\r\n        <div>\r\n          <div>\r\n            <p>Tel\u00e9fono directo:<br>\r\n              <a href=\"tel:55 56 23 72 42\">55 56 23 72 42<\/a><\/p>\r\n          <\/div>\r\n        <\/div>\r\n      <\/div>\r\n    <\/div>\r\n  <\/div>\r\n  <div>\r\n    <div>\r\n      <div>\r\n        <div>\r\n          <div>\r\n            <p><a href=\"mailto:posgrado@feno.unam.mx\">posgrado@feno.unam.mx<\/a><\/p>\r\n          <\/div>\r\n        <\/div>\r\n      <\/div>\r\n    <\/div>\r\n  <\/div>\r\n<\/div>\r\n<div>\r\n  <div>\r\n    <div>\r\n      <div>\r\n        <div>\r\n          <div><img loading=\"lazy\" loading=\"lazy\" decoding=\"async\" src=\"https:\/\/www.feno.unam.mx\/wp-content\/uploads\/2021\/09\/avt-70x70.png\" width=\"70\" height=\"70\" alt=\"avt\" title=\"avt\"><\/div>\r\n        <\/div>\r\n      <\/div>\r\n    <\/div>\r\n  <\/div>\r\n  <div>\r\n    <div>\r\n      <div>\r\n        <div>\r\n          <div>\r\n            <p><strong>Dra. Martha Lilia Bernal Becerril<\/strong><\/p>\r\n          <\/div>\r\n        <\/div>\r\n      <\/div>\r\n    <\/div>\r\n  <\/div>\r\n  <div>\r\n    <div>\r\n      <div>\r\n        <div>\r\n          <div>\r\n            <p>Secretaria Acad\u00e9mica de la DEP<\/p>\r\n          <\/div>\r\n        <\/div>\r\n      <\/div>\r\n    <\/div>\r\n  <\/div>\r\n  <div>\r\n    <div>\r\n      <div>\r\n        <div>\r\n          <div>\r\n            <p>Tel\u00e9fono directo:<br>\r\n              <a href=\"tel:55 56 23 72 43\">55 56 23 72 43<\/a><\/p>\r\n          <\/div>\r\n        <\/div>\r\n      <\/div>\r\n    <\/div>\r\n  <\/div>\r\n  <div>\r\n    <div>\r\n      <div>\r\n        <div>\r\n          <div>\r\n            <p><a href=\"mailto:posgrado-sec-acad@feno.unam.mx\">posgrado-sec-acad@feno.unam.mx<\/a><\/p>\r\n          <\/div>\r\n        <\/div>\r\n      <\/div>\r\n    <\/div>\r\n  <\/div>\r\n<\/div>\r\n<div>\r\n  <div>\r\n    <div>\r\n      <div>\r\n        <div>\r\n          <div><img loading=\"lazy\" loading=\"lazy\" decoding=\"async\" src=\"https:\/\/www.feno.unam.mx\/wp-content\/uploads\/2021\/09\/avt-70x70.png\" width=\"70\" height=\"70\" alt=\"avt\" title=\"avt\"><\/div>\r\n        <\/div>\r\n      <\/div>\r\n    <\/div>\r\n  <\/div>\r\n  <div>\r\n    <div>\r\n      <div>\r\n        <div>\r\n          <div>\r\n            <p><strong>Lic. Marcela D\u00edaz Mendoza<\/strong><\/p>\r\n          <\/div>\r\n        <\/div>\r\n      <\/div>\r\n    <\/div>\r\n  <\/div>\r\n  <div>\r\n    <div>\r\n      <div>\r\n        <div>\r\n          <div>\r\n            <p>Coordinadora del Programa \u00danico de Especializaci\u00f3n en Enfermer\u00eda de la DEP<\/p>\r\n          <\/div>\r\n        <\/div>\r\n      <\/div>\r\n    <\/div>\r\n  <\/div>\r\n  <div>\r\n    <div>\r\n      <div>\r\n        <div>\r\n          <div>\r\n            <p>Tel\u00e9fono directo:<br>\r\n              <a href=\"tel:5556237244\">55 56 23 72 44<\/a><\/p>\r\n          <\/div>\r\n        <\/div>\r\n      <\/div>\r\n    <\/div>\r\n  <\/div>\r\n  <div>\r\n    <div>\r\n      <div>\r\n        <div>\r\n          <div>\r\n            <p><a href=\"mailto:coord-puee@feno.unam.mx\">coord-puee@feno.unam.mx<\/a><\/p>\r\n          <\/div>\r\n        <\/div>\r\n      <\/div>\r\n    <\/div>\r\n  <\/div>\r\n<\/div>\r\n<div>\r\n  <div>\r\n    <div>\r\n      <div>\r\n        <div>\r\n          <div><img loading=\"lazy\" loading=\"lazy\" decoding=\"async\" src=\"https:\/\/www.feno.unam.mx\/wp-content\/uploads\/2021\/09\/avt-70x70.png\" width=\"70\" height=\"70\" alt=\"avt\" title=\"avt\"><\/div>\r\n        <\/div>\r\n      <\/div>\r\n    <\/div>\r\n  <\/div>\r\n  <div>\r\n    <div>\r\n      <div>\r\n        <div>\r\n          <div>\r\n            <p><strong>Mtra. Ang\u00e9lica Ram\u00edrez El\u00edas<\/strong><\/p>\r\n          <\/div>\r\n        <\/div>\r\n      <\/div>\r\n    <\/div>\r\n  <\/div>\r\n  <div>\r\n    <div>\r\n      <div>\r\n        <div>\r\n          <div>\r\n            <p>Directora de la revista Enfermer\u00eda Universitaria<\/p>\r\n          <\/div>\r\n        <\/div>\r\n      <\/div>\r\n    <\/div>\r\n  <\/div>\r\n  <div>\r\n    <div>\r\n      <div>\r\n        <div>\r\n          <div>\r\n            <p>Tel\u00e9fono directo:<br>\r\n              <a href=\"tel:5556237244\">55 56 23 72 44<\/a><\/p>\r\n          <\/div>\r\n        <\/div>\r\n      <\/div>\r\n    <\/div>\r\n  <\/div>\r\n  <div>\r\n    <div>\r\n      <div>\r\n        <div>\r\n          <div>\r\n            <p><a href=\"mailto:revista.enferm.univ@feno.unam.mx\">revista.enferm.univ@feno.unam.mx<\/a><\/p>\r\n          <\/div>\r\n        <\/div>\r\n      <\/div>\r\n    <\/div>\r\n  <\/div>\r\n<\/div>\r\n<div>\r\n  <div>\r\n    <div>\r\n      <div>\r\n        <div>\r\n          <div><img loading=\"lazy\" loading=\"lazy\" decoding=\"async\" src=\"https:\/\/www.feno.unam.mx\/wp-content\/uploads\/2021\/09\/avt-70x70.png\" width=\"70\" height=\"70\" alt=\"avt\" title=\"avt\"><\/div>\r\n        <\/div>\r\n      <\/div>\r\n    <\/div>\r\n  <\/div>\r\n  <div>\r\n    <div>\r\n      <div>\r\n        <div>\r\n          <div>\r\n            <p><strong>Dra. Mar\u00eda de los \u00c1ngeles Torres Lagunas<\/strong><\/p>\r\n          <\/div>\r\n        <\/div>\r\n      <\/div>\r\n    <\/div>\r\n  <\/div>\r\n  <div>\r\n    <div>\r\n      <div>\r\n        <div>\r\n          <div>\r\n            <p>Coordinadora del Programa de Maestr\u00eda y Doctorado en Enfermer\u00eda<\/p>\r\n          <\/div>\r\n        <\/div>\r\n      <\/div>\r\n    <\/div>\r\n  <\/div>\r\n  <div>\r\n    <div>\r\n      <div>\r\n        <div>\r\n          <div>\r\n            <p>Tel\u00e9fono directo:<br>\r\n              <a href=\"tel:55 56 23 72 42\">55 56 23 72 42<\/a><\/p>\r\n          <\/div>\r\n        <\/div>\r\n      <\/div>\r\n    <\/div>\r\n  <\/div>\r\n  <div>\r\n    <div>\r\n      <div>\r\n        <div>\r\n          <div>\r\n            <p><a href=\"mailto:coord-maestria@feno.unam.mx\">coord-maestria@feno.unam.mx<\/a><\/p>\r\n          <\/div>\r\n        <\/div>\r\n      <\/div>\r\n    <\/div>\r\n  <\/div>\r\n<\/div>\r\n<\/div><br>\r\n<p><em>Palabras relacionadas. Directorio telef\u00f3nico. Tel\u00e9fono. Contacto<\/em><\/p>\r\n<img decoding=\"async\" src=\"https:\/\/feno.unam.mx\/especializaciones\/imgs\/UNAMposgrado.jpg\" class=\"img-fluid mt-4 mb-4 rounded shadow\" alt=\"FENO UNAM\">\r\n<\/div>\t\r\n<!--************ FIN INSERTA ESTA PARTE ************\t\r\nSOLO INSERTA EL CONTENIDO DEL CONTAINER DENTRO DE UN ELEMENTO HTML USANDO \"ELEMENTOR\"-->\t\t\t\t<\/div>\n\t\t\t\t\t<\/div>\n\t\t\t\t<\/div>\n\t\t\t\t<\/div>\n\t\t","protected":false},"excerpt":{"rendered":"<p>Directorio especializaciones FENO UNAM Dra. Gandhy Ponce G\u00f3mez Jefa de la Divisi\u00f3n de Estudios de Posgrado (DEP) Tel\u00e9fono directo: 55 [&hellip;]<\/p>\n","protected":false},"author":1,"featured_media":0,"parent":0,"menu_order":0,"comment_status":"closed","ping_status":"closed","template":"","meta":{"site-sidebar-layout":"no-sidebar","site-content-layout":"","ast-site-content-layout":"full-width-container","site-content-style":"default","site-sidebar-style":"default","ast-global-header-display":"","ast-banner-title-visibility":"","ast-main-header-display":"","ast-hfb-above-header-display":"","ast-hfb-below-header-display":"","ast-hfb-mobile-header-display":"","site-post-title":"disabled","ast-breadcrumbs-content":"","ast-featured-img":"disabled","footer-sml-layout":"","theme-transparent-header-meta":"","adv-header-id-meta":"","stick-header-meta":"","header-above-stick-meta":"","header-main-stick-meta":"","header-below-stick-meta":"","astra-migrate-meta-layouts":"default","ast-page-background-enabled":"default","ast-page-background-meta":{"desktop":{"background-color":"var(--ast-global-color-5)","background-image":"","background-repeat":"repeat","background-position":"center center","background-size":"auto","background-attachment":"scroll","background-type":"","background-media":"","overlay-type":"","overlay-color":"","overlay-opacity":"","overlay-gradient":""},"tablet":{"background-color":"","background-image":"","background-repeat":"repeat","background-position":"center center","background-size":"auto","background-attachment":"scroll","background-type":"","background-media":"","overlay-type":"","overlay-color":"","overlay-opacity":"","overlay-gradient":""},"mobile":{"background-color":"","background-image":"","background-repeat":"repeat","background-position":"center center","background-size":"auto","background-attachment":"scroll","background-type":"","background-media":"","overlay-type":"","overlay-color":"","overlay-opacity":"","overlay-gradient":""}},"ast-content-background-meta":{"desktop":{"background-color":"var(--ast-global-color-4)","background-image":"","background-repeat":"repeat","background-position":"center center","background-size":"auto","background-attachment":"scroll","background-type":"","background-media":"","overlay-type":"","overlay-color":"","overlay-opacity":"","overlay-gradient":""},"tablet":{"background-color":"var(--ast-global-color-4)","background-image":"","background-repeat":"repeat","background-position":"center center","background-size":"auto","background-attachment":"scroll","background-type":"","background-media":"","overlay-type":"","overlay-color":"","overlay-opacity":"","overlay-gradient":""},"mobile":{"background-color":"var(--ast-global-color-4)","background-image":"","background-repeat":"repeat","background-position":"center center","background-size":"auto","background-attachment":"scroll","background-type":"","background-media":"","overlay-type":"","overlay-color":"","overlay-opacity":"","overlay-gradient":""}},"footnotes":""},"class_list":["post-441","page","type-page","status-publish","hentry"],"_links":{"self":[{"href":"https:\/\/feno.unam.mx\/especializaciones\/index.php\/wp-json\/wp\/v2\/pages\/441","targetHints":{"allow":["GET"]}}],"collection":[{"href":"https:\/\/feno.unam.mx\/especializaciones\/index.php\/wp-json\/wp\/v2\/pages"}],"about":[{"href":"https:\/\/feno.unam.mx\/especializaciones\/index.php\/wp-json\/wp\/v2\/types\/page"}],"author":[{"embeddable":true,"href":"https:\/\/feno.unam.mx\/especializaciones\/index.php\/wp-json\/wp\/v2\/users\/1"}],"replies":[{"embeddable":true,"href":"https:\/\/feno.unam.mx\/especializaciones\/index.php\/wp-json\/wp\/v2\/comments?post=441"}],"version-history":[{"count":16,"href":"https:\/\/feno.unam.mx\/especializaciones\/index.php\/wp-json\/wp\/v2\/pages\/441\/revisions"}],"predecessor-version":[{"id":555,"href":"https:\/\/feno.unam.mx\/especializaciones\/index.php\/wp-json\/wp\/v2\/pages\/441\/revisions\/555"}],"wp:attachment":[{"href":"https:\/\/feno.unam.mx\/especializaciones\/index.php\/wp-json\/wp\/v2\/media?parent=441"}],"curies":[{"name":"wp","href":"https:\/\/api.w.org\/{rel}","templated":true}]}}