{"id":11,"date":"2025-10-20T14:55:53","date_gmt":"2025-10-20T14:55:53","guid":{"rendered":"https:\/\/feno.unam.mx\/especializaciones\/?page_id=11"},"modified":"2025-10-20T19:01:21","modified_gmt":"2025-10-20T19:01:21","slug":"nosotros","status":"publish","type":"page","link":"https:\/\/feno.unam.mx\/especializaciones\/index.php\/nosotros\/","title":{"rendered":"Nosotros"},"content":{"rendered":"\t\t<div data-elementor-type=\"wp-page\" data-elementor-id=\"11\" class=\"elementor elementor-11\">\n\t\t\t\t<div class=\"elementor-element elementor-element-f80280d e-flex e-con-boxed e-con e-parent\" data-id=\"f80280d\" data-element_type=\"container\">\n\t\t\t\t\t<div class=\"e-con-inner\">\n\t\t\t\t<div class=\"elementor-element elementor-element-935c691 elementor-widget elementor-widget-html\" data-id=\"935c691\" data-element_type=\"widget\" data-widget_type=\"html.default\">\n\t\t\t\t\t<div class=\"container\" style=\"text-align: justify;\">\r\n  <h3>Nosotros<\/h3>\r\n  <h5>Antecedentes<\/h5>\r\n  <p>Los estudios de posgrado en el nivel de especializaci\u00f3n son considerados un proyecto profesional que hace viable complementar y enriquecer la formaci\u00f3n, favoreciendo el crecimiento vertical de los profesionales; ofrece a las enfermeras, una amplia gama de programas que respondan a sus intereses y necesidades laborales, incluyendo propuestas acad\u00e9micas acordes a las necesidades sociales. La FENO a trav\u00e9s de la Divisi\u00f3n de Estudios de Posgrado ha tenido la misi\u00f3n de crear y consolidar los estudios de posgrado que favorezcan el avance disciplinario y profesional de la Enfermer\u00eda.<\/p>\r\n  <p>El Programa \u00fanico de Especializaciones en Enfermer\u00eda en Enfermer\u00eda (PUEE) se integra por 16 planes de estudio de especialidad correspondientes a los campos de conocimiento por orientaci\u00f3n. Cada uno de \u00e9stos est\u00e1 conformado por 10 actividades acad\u00e9micas, de las cuales el alumno debe cursar cinco por semestre. Se trata de planes de estudio con un 78% de carga acad\u00e9mica pr\u00e1ctica, en la que los alumnos se enfrentar\u00e1n a situaciones reales sobre las que deber\u00e1n intervenir en su soluci\u00f3n, donde adem\u00e1s tendr\u00e1n la posibilidad de desarrollar y ejercitar las diversas habilidades y utilizar los conocimientos necesarios para otorgar cuidado especializado.<\/p>\r\n  <h5>Objetivo<\/h5>\r\n  <p>Formar enfermeras especialistas que interactuando con el equipo multiprofesional de salud, sean capaces de desarrollar una pr\u00e1ctica de alta calidad para responder a las demandas de atenci\u00f3n especializada de enfermer\u00eda que presenta la poblaci\u00f3n del pa\u00eds.<\/p>\r\n\t\r\n\t<img decoding=\"async\" src=\"https:\/\/feno.unam.mx\/especializaciones\/imgs\/UNAMposgrado.jpg\" class=\"img-fluid mb-4 rounded shadow\" alt=\"FENO UNAM\">\r\n<\/div>\t\t\t\t\t<\/div>\n\t\t\t\t\t<\/div>\n\t\t\t\t<\/div>\n\t\t<div class=\"elementor-element elementor-element-5585acc e-flex e-con-boxed e-con e-parent\" data-id=\"5585acc\" data-element_type=\"container\">\n\t\t\t\t\t<div class=\"e-con-inner\">\n\t\t\t\t\t<\/div>\n\t\t\t\t<\/div>\n\t\t\t\t<\/div>\n\t\t","protected":false},"excerpt":{"rendered":"<p>Nosotros Antecedentes Los estudios de posgrado en el nivel de especializaci\u00f3n son considerados un proyecto profesional que hace viable complementar [&hellip;]<\/p>\n","protected":false},"author":1,"featured_media":0,"parent":0,"menu_order":0,"comment_status":"closed","ping_status":"closed","template":"","meta":{"site-sidebar-layout":"no-sidebar","site-content-layout":"","ast-site-content-layout":"full-width-container","site-content-style":"default","site-sidebar-style":"default","ast-global-header-display":"","ast-banner-title-visibility":"","ast-main-header-display":"","ast-hfb-above-header-display":"","ast-hfb-below-header-display":"","ast-hfb-mobile-header-display":"","site-post-title":"disabled","ast-breadcrumbs-content":"","ast-featured-img":"disabled","footer-sml-layout":"","theme-transparent-header-meta":"","adv-header-id-meta":"","stick-header-meta":"","header-above-stick-meta":"","header-main-stick-meta":"","header-below-stick-meta":"","astra-migrate-meta-layouts":"default","ast-page-background-enabled":"default","ast-page-background-meta":{"desktop":{"background-color":"var(--ast-global-color-5)","background-image":"","background-repeat":"repeat","background-position":"center center","background-size":"auto","background-attachment":"scroll","background-type":"","background-media":"","overlay-type":"","overlay-color":"","overlay-opacity":"","overlay-gradient":""},"tablet":{"background-color":"","background-image":"","background-repeat":"repeat","background-position":"center center","background-size":"auto","background-attachment":"scroll","background-type":"","background-media":"","overlay-type":"","overlay-color":"","overlay-opacity":"","overlay-gradient":""},"mobile":{"background-color":"","background-image":"","background-repeat":"repeat","background-position":"center center","background-size":"auto","background-attachment":"scroll","background-type":"","background-media":"","overlay-type":"","overlay-color":"","overlay-opacity":"","overlay-gradient":""}},"ast-content-background-meta":{"desktop":{"background-color":"var(--ast-global-color-4)","background-image":"","background-repeat":"repeat","background-position":"center center","background-size":"auto","background-attachment":"scroll","background-type":"","background-media":"","overlay-type":"","overlay-color":"","overlay-opacity":"","overlay-gradient":""},"tablet":{"background-color":"var(--ast-global-color-4)","background-image":"","background-repeat":"repeat","background-position":"center center","background-size":"auto","background-attachment":"scroll","background-type":"","background-media":"","overlay-type":"","overlay-color":"","overlay-opacity":"","overlay-gradient":""},"mobile":{"background-color":"var(--ast-global-color-4)","background-image":"","background-repeat":"repeat","background-position":"center center","background-size":"auto","background-attachment":"scroll","background-type":"","background-media":"","overlay-type":"","overlay-color":"","overlay-opacity":"","overlay-gradient":""}},"footnotes":""},"class_list":["post-11","page","type-page","status-publish","hentry"],"_links":{"self":[{"href":"https:\/\/feno.unam.mx\/especializaciones\/index.php\/wp-json\/wp\/v2\/pages\/11","targetHints":{"allow":["GET"]}}],"collection":[{"href":"https:\/\/feno.unam.mx\/especializaciones\/index.php\/wp-json\/wp\/v2\/pages"}],"about":[{"href":"https:\/\/feno.unam.mx\/especializaciones\/index.php\/wp-json\/wp\/v2\/types\/page"}],"author":[{"embeddable":true,"href":"https:\/\/feno.unam.mx\/especializaciones\/index.php\/wp-json\/wp\/v2\/users\/1"}],"replies":[{"embeddable":true,"href":"https:\/\/feno.unam.mx\/especializaciones\/index.php\/wp-json\/wp\/v2\/comments?post=11"}],"version-history":[{"count":36,"href":"https:\/\/feno.unam.mx\/especializaciones\/index.php\/wp-json\/wp\/v2\/pages\/11\/revisions"}],"predecessor-version":[{"id":92,"href":"https:\/\/feno.unam.mx\/especializaciones\/index.php\/wp-json\/wp\/v2\/pages\/11\/revisions\/92"}],"wp:attachment":[{"href":"https:\/\/feno.unam.mx\/especializaciones\/index.php\/wp-json\/wp\/v2\/media?parent=11"}],"curies":[{"name":"wp","href":"https:\/\/api.w.org\/{rel}","templated":true}]}}